{"id":18,"date":"2021-09-08T18:46:23","date_gmt":"2021-09-08T16:46:23","guid":{"rendered":"https:\/\/skauthk.bkralik.cz\/?page_id=18"},"modified":"2021-09-11T20:27:35","modified_gmt":"2021-09-11T18:27:35","slug":"main","status":"publish","type":"page","link":"https:\/\/skauthk.bkralik.cz\/","title":{"rendered":"Skauting HK"},"content":{"rendered":"\n<div class=\"wp-block-group alignwide\"><div class=\"wp-block-group__inner-container is-layout-flow wp-block-group-is-layout-flow\">\n<h2 class=\"has-text-align-center has-accent-color has-text-color wp-block-heading\">\u201eMami, kdo to byl <a rel=\"noreferrer noopener\" href=\"https:\/\/www.hrdinovevalky.cz\/person\/simek-karel\/\" target=\"_blank\">Karel \u0160imek<\/a>? No p\u0159ece odboj\u00e1\u0159, v\u00e1le\u010dn\u00fd hrdina a SKAUT !\u201c<\/h2>\n\n\n\n<div class=\"wp-block-cover alignfull has-background-dim has-parallax\" style=\"background-image:url(https:\/\/skauthk.bkralik.cz\/wp-content\/uploads\/2021\/09\/Foto-115_s-1024x683.jpg)\"><div class=\"wp-block-cover__inner-container is-layout-flow wp-block-cover-is-layout-flow\">\n<p class=\"has-large-font-size\">Je to doma \ud83d\ude42<\/p>\n<\/div><\/div>\n<\/div><\/div>\n\n\n\n<div class=\"wp-block-columns alignfull is-layout-flex wp-container-core-columns-is-layout-9d6595d7 wp-block-columns-is-layout-flex\">\n<div class=\"wp-block-column is-layout-flow wp-block-column-is-layout-flow\">\n<h4 class=\"has-text-align-center wp-block-heading\">Tradi\u010dn\u00ed \u010di vodn\u00ed odd\u00edl ?<\/h4>\n\n\n\n<div class=\"wp-block-buttons is-layout-flex wp-block-buttons-is-layout-flex\">\n<div class=\"wp-block-button has-custom-width wp-block-button__width-100 is-style-fill\"><a class=\"wp-block-button__link\" style=\"border-radius:50px\">Odd\u00edly<\/a><\/div>\n<\/div>\n<\/div>\n\n\n\n<div class=\"wp-block-column is-vertically-aligned-bottom is-layout-flow wp-block-column-is-layout-flow\">\n<h4 class=\"has-text-align-center wp-block-heading\">Skauting o pr\u00e1zdnin\u00e1ch ?<\/h4>\n\n\n\n<div class=\"wp-block-buttons is-layout-flex wp-block-buttons-is-layout-flex\">\n<div class=\"wp-block-button has-custom-width wp-block-button__width-100\"><a class=\"wp-block-button__link\" style=\"border-radius:50px\">SPK<\/a><\/div>\n<\/div>\n\n\n\n<p><\/p>\n<\/div>\n\n\n\n<div class=\"wp-block-column is-layout-flow wp-block-column-is-layout-flow\">\n<h4 class=\"has-text-align-center wp-block-heading\">Dal\u0161\u00ed skautsk\u00e9 kluby ?<\/h4>\n\n\n\n<div class=\"wp-block-buttons is-layout-flex wp-block-buttons-is-layout-flex\">\n<div class=\"wp-block-button has-custom-width wp-block-button__width-100\"><a class=\"wp-block-button__link\" style=\"border-radius:50px\">Kluby<\/a><\/div>\n<\/div>\n<\/div>\n<\/div>\n\n\n\n<p><\/p>\n","protected":false},"excerpt":{"rendered":"<p>\u201eMami, kdo to byl Karel \u0160imek? No p\u0159ece odboj\u00e1\u0159, v\u00e1le\u010dn\u00fd hrdina a SKAUT !\u201c Tradi\u010dn\u00ed \u010di vodn\u00ed odd\u00edl ? Skauting o pr\u00e1zdnin\u00e1ch ? Dal\u0161\u00ed skautsk\u00e9 kluby ?<\/p>\n","protected":false},"author":2,"featured_media":0,"parent":0,"menu_order":0,"comment_status":"closed","ping_status":"closed","template":"","meta":{"footnotes":""},"class_list":["post-18","page","type-page","status-publish","hentry"],"_links":{"self":[{"href":"https:\/\/skauthk.bkralik.cz\/index.php?rest_route=\/wp\/v2\/pages\/18","targetHints":{"allow":["GET"]}}],"collection":[{"href":"https:\/\/skauthk.bkralik.cz\/index.php?rest_route=\/wp\/v2\/pages"}],"about":[{"href":"https:\/\/skauthk.bkralik.cz\/index.php?rest_route=\/wp\/v2\/types\/page"}],"author":[{"embeddable":true,"href":"https:\/\/skauthk.bkralik.cz\/index.php?rest_route=\/wp\/v2\/users\/2"}],"replies":[{"embeddable":true,"href":"https:\/\/skauthk.bkralik.cz\/index.php?rest_route=%2Fwp%2Fv2%2Fcomments&post=18"}],"version-history":[{"count":28,"href":"https:\/\/skauthk.bkralik.cz\/index.php?rest_route=\/wp\/v2\/pages\/18\/revisions"}],"predecessor-version":[{"id":112,"href":"https:\/\/skauthk.bkralik.cz\/index.php?rest_route=\/wp\/v2\/pages\/18\/revisions\/112"}],"wp:attachment":[{"href":"https:\/\/skauthk.bkralik.cz\/index.php?rest_route=%2Fwp%2Fv2%2Fmedia&parent=18"}],"curies":[{"name":"wp","href":"https:\/\/api.w.org\/{rel}","templated":true}]}}