{"id":20,"date":"2021-09-08T18:46:23","date_gmt":"2021-09-08T16:46:23","guid":{"rendered":"https:\/\/skauthk.bkralik.cz\/?page_id=20"},"modified":"2021-09-09T17:40:46","modified_gmt":"2021-09-09T15:40:46","slug":"kontakt","status":"publish","type":"page","link":"https:\/\/skauthk.bkralik.cz\/?page_id=20","title":{"rendered":"Kontakty"},"content":{"rendered":"\n<p><strong>Adresa:<\/strong><br>Jun\u00e1k &#8211; \u010desk\u00fd skaut, st\u0159edisko K. \u0160imka Hradec Kr\u00e1lov\u00e9, z. s.<br>Sokolovsk\u00e1 79\/1<br>500 02 Hradec Kr\u00e1lov\u00e9<br>I\u010c 62690477<\/p>\n\n\n\n<p>Eviden\u010dn\u00ed \u010d\u00edslo jun\u00e1ka: 526.01<\/p>\n\n\n\n<p><strong>Vedouc\u00ed st\u0159ediska:<\/strong><br>Jind\u0159ich Matou\u0161ek &#8211; Papou\u0161ek<br>+420 732 260 804<br><a href=\"mailto:jindrich.matousek@skaut.cz\">jindrich.matousek@skaut.cz<\/a><\/p>\n\n\n\n<p><strong>Z\u00e1stupce vedouc\u00edho st\u0159ediska:<\/strong><br>Tereza \u010cerm\u00e1kov\u00e1<br>+420 736 600 032<br><a href=\"mailto:tereza.cermakova@skaut.cz\">tereza.cermakova@skaut.cz<\/a><\/p>\n\n\n\n<p class=\"has-text-align-left\"><strong>Transparentn\u00ed \u00fa\u010dty:<\/strong><br>St\u0159edisko: <a href=\"https:\/\/ib.fio.cz\/ib\/transparent?a=2300811875\">https:\/\/ib.fio.cz\/ib\/transparent?a=2300811875<\/a><br>SPK: <a href=\"https:\/\/ib.fio.cz\/ib\/transparent?a=2600811877\">https:\/\/ib.fio.cz\/ib\/transparent?a=2600811877<\/a><\/p>\n","protected":false},"excerpt":{"rendered":"<p>Adresa:Jun\u00e1k &#8211; \u010desk\u00fd skaut, st\u0159edisko K. \u0160imka Hradec Kr\u00e1lov\u00e9, z. s.Sokolovsk\u00e1 79\/1500 02 Hradec Kr\u00e1lov\u00e9I\u010c 62690477 Eviden\u010dn\u00ed \u010d\u00edslo jun\u00e1ka: 526.01 Vedouc\u00ed st\u0159ediska:Jind\u0159ich Matou\u0161ek &#8211; Papou\u0161ek+420 732 260 804jindrich.matousek@skaut.cz Z\u00e1stupce vedouc\u00edho st\u0159ediska:Tereza \u010cerm\u00e1kov\u00e1+420 736 600 032tereza.cermakova@skaut.cz Transparentn\u00ed \u00fa\u010dty:St\u0159edisko: https:\/\/ib.fio.cz\/ib\/transparent?a=2300811875SPK: https:\/\/ib.fio.cz\/ib\/transparent?a=2600811877<\/p>\n","protected":false},"author":2,"featured_media":0,"parent":0,"menu_order":0,"comment_status":"closed","ping_status":"closed","template":"","meta":{"footnotes":""},"class_list":["post-20","page","type-page","status-publish","hentry"],"_links":{"self":[{"href":"https:\/\/skauthk.bkralik.cz\/index.php?rest_route=\/wp\/v2\/pages\/20","targetHints":{"allow":["GET"]}}],"collection":[{"href":"https:\/\/skauthk.bkralik.cz\/index.php?rest_route=\/wp\/v2\/pages"}],"about":[{"href":"https:\/\/skauthk.bkralik.cz\/index.php?rest_route=\/wp\/v2\/types\/page"}],"author":[{"embeddable":true,"href":"https:\/\/skauthk.bkralik.cz\/index.php?rest_route=\/wp\/v2\/users\/2"}],"replies":[{"embeddable":true,"href":"https:\/\/skauthk.bkralik.cz\/index.php?rest_route=%2Fwp%2Fv2%2Fcomments&post=20"}],"version-history":[{"count":6,"href":"https:\/\/skauthk.bkralik.cz\/index.php?rest_route=\/wp\/v2\/pages\/20\/revisions"}],"predecessor-version":[{"id":60,"href":"https:\/\/skauthk.bkralik.cz\/index.php?rest_route=\/wp\/v2\/pages\/20\/revisions\/60"}],"wp:attachment":[{"href":"https:\/\/skauthk.bkralik.cz\/index.php?rest_route=%2Fwp%2Fv2%2Fmedia&parent=20"}],"curies":[{"name":"wp","href":"https:\/\/api.w.org\/{rel}","templated":true}]}}